{"id":18,"date":"2013-11-16T15:56:57","date_gmt":"2013-11-16T15:56:57","guid":{"rendered":"http:\/\/www.ranka.fi\/wp\/?page_id=18"},"modified":"2015-05-12T18:54:09","modified_gmt":"2015-05-12T16:54:09","slug":"yhteystiedot","status":"publish","type":"page","link":"http:\/\/www.ranka.fi\/?page_id=18","title":{"rendered":"Yhteystiedot"},"content":{"rendered":"<p>Yhteystiedot<\/p>\n<p>Kun haluat vierailla verstaalla, soita ensin varmistaaksesi ett\u00e4 puusepp\u00e4 on paikalla. Julkisilla p\u00e4\u00e4set nopeiten metrolla, Siilitien asemalta on matkaa noin 400 m, mutta Roihupeltoon p\u00e4\u00e4see my\u00f6s bussilla.\u00a0 RANKA sijaitsee sis\u00e4pihalla, 1. kerroksessa.<\/p>\n","protected":false},"excerpt":{"rendered":"<p>Yhteystiedot Kun haluat vierailla verstaalla, soita ensin varmistaaksesi ett\u00e4 puusepp\u00e4 on paikalla. Julkisilla p\u00e4\u00e4set nopeiten metrolla, Siilitien asemalta on matkaa noin 400 m, mutta Roihupeltoon p\u00e4\u00e4see my\u00f6s bussilla.\u00a0 RANKA sijaitsee sis\u00e4pihalla, 1. kerroksessa.<\/p>\n","protected":false},"author":1,"featured_media":0,"parent":0,"menu_order":0,"comment_status":"open","ping_status":"open","template":"template.contact.form.php","meta":{"footnotes":""},"_links":{"self":[{"href":"http:\/\/www.ranka.fi\/index.php?rest_route=\/wp\/v2\/pages\/18"}],"collection":[{"href":"http:\/\/www.ranka.fi\/index.php?rest_route=\/wp\/v2\/pages"}],"about":[{"href":"http:\/\/www.ranka.fi\/index.php?rest_route=\/wp\/v2\/types\/page"}],"author":[{"embeddable":true,"href":"http:\/\/www.ranka.fi\/index.php?rest_route=\/wp\/v2\/users\/1"}],"replies":[{"embeddable":true,"href":"http:\/\/www.ranka.fi\/index.php?rest_route=%2Fwp%2Fv2%2Fcomments&post=18"}],"version-history":[{"count":8,"href":"http:\/\/www.ranka.fi\/index.php?rest_route=\/wp\/v2\/pages\/18\/revisions"}],"predecessor-version":[{"id":226,"href":"http:\/\/www.ranka.fi\/index.php?rest_route=\/wp\/v2\/pages\/18\/revisions\/226"}],"wp:attachment":[{"href":"http:\/\/www.ranka.fi\/index.php?rest_route=%2Fwp%2Fv2%2Fmedia&parent=18"}],"curies":[{"name":"wp","href":"https:\/\/api.w.org\/{rel}","templated":true}]}}